{"id":2016,"date":"2020-05-20T01:48:29","date_gmt":"2020-05-19T23:48:29","guid":{"rendered":"https:\/\/industrieconsult.idesign-test.de\/?page_id=2016"},"modified":"2020-06-25T17:58:57","modified_gmt":"2020-06-25T15:58:57","slug":"contact-en","status":"publish","type":"page","link":"https:\/\/industrieconsult.de\/en\/contact-en","title":{"rendered":"Contact"},"content":{"rendered":"<p>[et_pb_section fb_built=&#8221;1&#8243; _builder_version=&#8221;4.4.0&#8243; background_image=&#8221;https:\/\/industrieconsult.de\/wp-content\/uploads\/2020\/03\/Industrie_Consult_Kontakt.jpg&#8221; filter_saturate=&#8221;50%&#8221; custom_css_main_element=&#8221;height: 50vh;&#8221;][\/et_pb_section][et_pb_section fb_built=&#8221;1&#8243; _builder_version=&#8221;4.4.0&#8243; custom_padding=&#8221;||0px||false|false&#8221;][et_pb_row _builder_version=&#8221;4.3.4&#8243;][et_pb_column type=&#8221;4_4&#8243; _builder_version=&#8221;4.3.4&#8243;][et_pb_text _builder_version=&#8221;4.4.7&#8243; hover_enabled=&#8221;0&#8243;]<\/p>\n<h2 style=\"text-align: left;\">| Contact<\/h2>\n<h3>You can find us in the heart of D\u00fcsseldorf inside Schadow-Arkaden near K\u00f6nigsallee<\/h3>\n<p>[\/et_pb_text][\/et_pb_column][\/et_pb_row][\/et_pb_section][et_pb_section fb_built=&#8221;1&#8243; specialty=&#8221;on&#8221; _builder_version=&#8221;4.4.0&#8243; custom_padding=&#8221;0px||||false|false&#8221;][et_pb_column type=&#8221;1_2&#8243; specialty_columns=&#8221;2&#8243; _builder_version=&#8221;3.25&#8243; custom_padding=&#8221;|||&#8221; custom_padding__hover=&#8221;|||&#8221;][et_pb_row_inner _builder_version=&#8221;4.4.0&#8243; custom_margin=&#8221;|||0px|false|false&#8221; custom_padding=&#8221;|||0px|false|false&#8221;][et_pb_column_inner saved_specialty_column_type=&#8221;1_2&#8243; _builder_version=&#8221;4.4.0&#8243;][et_pb_text _builder_version=&#8221;4.4.7&#8243; header_5_font_size=&#8221;21px&#8221; custom_margin=&#8221;||10px||false|false&#8221; custom_padding=&#8221;||0px||false|false&#8221;]<\/p>\n<h4>Industrie Consult International M&amp;A GmbH<\/h4>\n<h4>Schadowstra\u00dfe 11b | 40212 D\u00fcsseldorf<\/h4>\n<p>[\/et_pb_text][\/et_pb_column_inner][\/et_pb_row_inner][et_pb_row_inner column_structure=&#8221;1_2,1_2&#8243; module_class=&#8221;kontakt-numbers&#8221; _builder_version=&#8221;4.4.7&#8243; custom_margin=&#8221;|||0px|false|false&#8221; custom_padding=&#8221;|||0px|false|false&#8221;][et_pb_column_inner type=&#8221;1_2&#8243; saved_specialty_column_type=&#8221;1_2&#8243; _builder_version=&#8221;4.4.0&#8243;][et_pb_blurb title=&#8221;+49 (0)211 86 52 30&#8243; use_icon=&#8221;on&#8221; font_icon=&#8221;%%264%%&#8221; icon_color=&#8221;#192a67&#8243; icon_placement=&#8221;left&#8221; _builder_version=&#8221;4.4.2&#8243; header_font_size=&#8221;15px&#8221;][\/et_pb_blurb][et_pb_blurb use_icon=&#8221;on&#8221; font_icon=&#8221;%%268%%&#8221; icon_color=&#8221;#192a67&#8243; icon_placement=&#8221;left&#8221; module_class=&#8221;ic-pseudo-link&#8221; _builder_version=&#8221;4.4.2&#8243; header_font_size=&#8221;15px&#8221; body_text_color=&#8221;#000000&#8243;]<\/p>\n<p><a>+49 (0)211 86 52 325 <\/a><\/p>\n<p>[\/et_pb_blurb][\/et_pb_column_inner][et_pb_column_inner type=&#8221;1_2&#8243; saved_specialty_column_type=&#8221;1_2&#8243; _builder_version=&#8221;4.4.0&#8243;][et_pb_blurb title=&#8221;kontakt@industrieconsult.de&#8221; use_icon=&#8221;on&#8221; font_icon=&#8221;%%238%%&#8221; icon_color=&#8221;#192a67&#8243; icon_placement=&#8221;left&#8221; _builder_version=&#8221;4.4.2&#8243;][\/et_pb_blurb][et_pb_blurb title=&#8221;www.industrieconsult.de&#8221; use_icon=&#8221;on&#8221; font_icon=&#8221;%%165%%&#8221; icon_color=&#8221;#192a67&#8243; icon_placement=&#8221;left&#8221; _builder_version=&#8221;4.4.2&#8243;][\/et_pb_blurb][\/et_pb_column_inner][\/et_pb_row_inner][\/et_pb_column][et_pb_column type=&#8221;1_2&#8243; _builder_version=&#8221;3.25&#8243; custom_padding=&#8221;|||&#8221; custom_padding__hover=&#8221;|||&#8221;][et_pb_map address=&#8221;Schadowstra\u00dfe 11B, 40212 D\u00fcsseldorf, Deutschland&#8221; zoom_level=&#8221;13&#8243; address_lat=&#8221;51.2250457&#8243; address_lng=&#8221;6.7811176&#8243; module_id=&#8221;kontakt-map&#8221; _builder_version=&#8221;4.4.0&#8243; module_alignment=&#8221;right&#8221; height=&#8221;250px&#8221;][et_pb_map_pin pin_address=&#8221;Schadowstra\u00dfe 11B, 40212 D\u00fcsseldorf, Deutschland&#8221; pin_address_lat=&#8221;51.2250457&#8243; pin_address_lng=&#8221;6.7811176&#8243; _builder_version=&#8221;4.4.0&#8243;][\/et_pb_map_pin][\/et_pb_map][\/et_pb_column][\/et_pb_section]<\/p>\n","protected":false},"excerpt":{"rendered":"<p>| Contact You can find us in the heart of D\u00fcsseldorf inside Schadow-Arkaden near K\u00f6nigsallee Industrie Consult International M&amp;A GmbH Schadowstra\u00dfe 11b | 40212 D\u00fcsseldorf+49 (0)211 86 52 325<\/p>\n","protected":false},"author":2,"featured_media":0,"parent":0,"menu_order":0,"comment_status":"closed","ping_status":"closed","template":"","meta":{"_et_pb_use_builder":"on","_et_pb_old_content":"<!-- wp:divi\/placeholder \/-->","_et_gb_content_width":"","footnotes":""},"yst_prominent_words":[109],"class_list":["post-2016","page","type-page","status-publish","hentry"],"_links":{"self":[{"href":"https:\/\/industrieconsult.de\/en\/wp-json\/wp\/v2\/pages\/2016","targetHints":{"allow":["GET"]}}],"collection":[{"href":"https:\/\/industrieconsult.de\/en\/wp-json\/wp\/v2\/pages"}],"about":[{"href":"https:\/\/industrieconsult.de\/en\/wp-json\/wp\/v2\/types\/page"}],"author":[{"embeddable":true,"href":"https:\/\/industrieconsult.de\/en\/wp-json\/wp\/v2\/users\/2"}],"replies":[{"embeddable":true,"href":"https:\/\/industrieconsult.de\/en\/wp-json\/wp\/v2\/comments?post=2016"}],"version-history":[{"count":15,"href":"https:\/\/industrieconsult.de\/en\/wp-json\/wp\/v2\/pages\/2016\/revisions"}],"predecessor-version":[{"id":2967,"href":"https:\/\/industrieconsult.de\/en\/wp-json\/wp\/v2\/pages\/2016\/revisions\/2967"}],"wp:attachment":[{"href":"https:\/\/industrieconsult.de\/en\/wp-json\/wp\/v2\/media?parent=2016"}],"wp:term":[{"taxonomy":"yst_prominent_words","embeddable":true,"href":"https:\/\/industrieconsult.de\/en\/wp-json\/wp\/v2\/yst_prominent_words?post=2016"}],"curies":[{"name":"wp","href":"https:\/\/api.w.org\/{rel}","templated":true}]}}